{"id":10569,"date":"2024-05-23T09:33:43","date_gmt":"2024-05-23T09:33:43","guid":{"rendered":"https:\/\/europe.buysteelgrit.com\/privacy-policy\/"},"modified":"2024-08-20T21:03:08","modified_gmt":"2024-08-20T21:03:08","slug":"privacy-policy","status":"publish","type":"page","link":"https:\/\/europe.buysteelgrit.com\/de\/privacy-policy\/","title":{"rendered":"Datenschutzrichtlinie"},"content":{"rendered":"\n<p>Letzte Aktualisierung:&nbsp;26.06.2024<\/p>\n\n\n\n<p>Diese Datenschutzrichtlinie beschreibt, wie Abrasive Technology (die \u201eWebsite\u201c, \u201ewir\u201c, \u201euns\u201c oder \u201eunser\u201c) Ihre pers\u00f6nlichen Daten sammelt, verwendet und weitergibt, wenn Sie unsere Dienste besuchen, nutzen oder einen Kauf bei abrasive.com (die \u201eWebsite\u201c) t\u00e4tigen oder anderweitig mit uns kommunizieren (zusammenfassend die \u201eDienste\u201c). Im Sinne dieser Datenschutzrichtlinie beziehen sich \u201eSie\u201c und \u201eIhr\u201c auf Sie als Nutzer der Dienste, sei es als Kunde, Website-Besucher oder eine andere Person, deren Informationen wir gem\u00e4\u00df dieser Datenschutzrichtlinie gesammelt haben.<\/p>\n\n\n\n<p>Bitte lesen Sie diese Datenschutzrichtlinie sorgf\u00e4ltig durch. Durch die Nutzung und den Zugriff auf die Dienste stimmen Sie der Erhebung, Verwendung und Weitergabe Ihrer Informationen wie in dieser Datenschutzrichtlinie beschrieben zu. Wenn Sie dieser Datenschutzrichtlinie nicht zustimmen, nutzen Sie die Dienste bitte nicht.<\/p>\n\n\n\n<h2 class=\"wp-block-heading\">\u00c4NDERUNGEN DIESER DATENSCHUTZRICHTLINIE<\/h2>\n\n\n\n<p>Wir k\u00f6nnen diese Datenschutzrichtlinie von Zeit zu Zeit aktualisieren, um \u00c4nderungen unserer Praktiken oder aus anderen betrieblichen, rechtlichen oder regulatorischen Gr\u00fcnden widerzuspiegeln. Wir werden die \u00fcberarbeitete Datenschutzrichtlinie auf der Website ver\u00f6ffentlichen, das Datum \u201eLetzte Aktualisierung\u201c aktualisieren und alle anderen gesetzlich vorgeschriebenen Schritte unternehmen.<\/p>\n\n\n\n<p><strong>WIE WIR IHRE PERSONENBEZOGENEN DATEN SAMMELN UND VERWENDEN<\/strong> <\/p>\n\n\n\n<p>Um die Dienste bereitzustellen, sammeln und haben wir in den letzten 12 Monaten pers\u00f6nliche Daten \u00fcber Sie aus verschiedenen Quellen gesammelt, wie unten beschrieben. Die Informationen, die wir sammeln und verwenden, variieren je nach Ihrer Interaktion mit uns.<\/p>\n\n\n\n<p>Zus\u00e4tzlich zu den unten aufgef\u00fchrten spezifischen Verwendungen k\u00f6nnen wir die \u00fcber Sie gesammelten Informationen verwenden, um mit Ihnen zu kommunizieren, die Dienste bereitzustellen, rechtlichen Verpflichtungen nachzukommen, geltende Nutzungsbedingungen durchzusetzen und die Dienste, unsere Rechte und die Rechte unserer Nutzer oder anderer zu sch\u00fctzen oder zu verteidigen.<\/p>\n\n\n\n<p><strong>WELCHE PERSONENBEZOGENEN DATEN WIR SAMMELN<\/strong> <\/p>\n\n\n\n<p>Die Arten von personenbezogenen Daten, die wir \u00fcber Sie erheben, h\u00e4ngen davon ab, wie Sie mit unserer Website interagieren und unsere Dienste nutzen. Wenn wir den Begriff \u201epersonenbezogene Daten\u201c verwenden, beziehen wir uns auf Informationen, die Sie identifizieren, sich auf Sie beziehen, Sie beschreiben oder mit Ihnen in Verbindung gebracht werden k\u00f6nnen. Die folgenden Abschnitte beschreiben die Kategorien und spezifischen Arten von personenbezogenen Daten, die wir sammeln.<\/p>\n\n\n\n<p><strong>INFORMATIONEN, DIE WIR DIREKT VON IHNEN SAMMELN<\/strong> <\/p>\n\n\n\n<p>Informationen, die Sie uns direkt \u00fcber unsere Dienste zur Verf\u00fcgung stellen, k\u00f6nnen Folgendes umfassen:<\/p>\n\n\n\n<ul class=\"wp-block-list\">\n<li>Grundlegende Kontaktdaten wie Name, Adresse, Telefonnummer, E-Mail.<\/li>\n\n\n\n<li>Bestellinformationen wie Name, Rechnungsadresse, Lieferadresse, Zahlungsbest\u00e4tigung, E-Mail-Adresse, Telefonnummer.<\/li>\n\n\n\n<li>Kontoinformationen wie Benutzername, Passwort, Sicherheitsfragen.<\/li>\n\n\n\n<li>Einkaufsinformationen wie die Artikel, die Sie ansehen, in Ihren Warenkorb legen oder Ihrer Wunschliste hinzuf\u00fcgen.<\/li>\n\n\n\n<li>Kundenunterst\u00fctzungsinformationen, einschlie\u00dflich der Informationen, die Sie in die Kommunikation mit uns einbeziehen, z. B. beim Senden einer Nachricht \u00fcber die Dienste.<\/li>\n<\/ul>\n\n\n\n<p>Einige Funktionen der Dienste erfordern m\u00f6glicherweise, dass Sie uns bestimmte Informationen \u00fcber sich selbst direkt zur Verf\u00fcgung stellen. Sie k\u00f6nnen sich entscheiden, diese Informationen nicht bereitzustellen, aber dies kann verhindern, dass Sie diese Funktionen nutzen oder darauf zugreifen.<\/p>\n\n\n\n<p><strong>INFORMATIONEN, DIE WIR \u00dcBER COOKIES SAMMELN<\/strong> <\/p>\n\n\n\n<p>Wir sammeln auch automatisch bestimmte Informationen \u00fcber Ihre Interaktion mit den Diensten (\u201eNutzungsdaten\u201c). Dazu k\u00f6nnen wir Cookies, Pixel und \u00e4hnliche Technologien (\u201eCookies\u201c) verwenden. Nutzungsdaten k\u00f6nnen Informationen dar\u00fcber umfassen, wie Sie auf unsere Website und Ihr Konto zugreifen und diese nutzen, einschlie\u00dflich Ger\u00e4teinformationen, Browserinformationen, Informationen zu Ihrer Netzwerkverbindung, Ihre IP-Adresse und andere Informationen zu Ihrer Interaktion mit den Diensten.<\/p>\n\n\n\n<p><strong>INFORMATIONEN, DIE WIR VON DRITTEN ERHALTEN<\/strong> <\/p>\n\n\n\n<p>Schlie\u00dflich k\u00f6nnen wir Informationen \u00fcber Sie von Dritten erhalten, einschlie\u00dflich von Anbietern und Dienstleistern, die m\u00f6glicherweise Informationen in unserem Namen sammeln, wie z. B.:<\/p>\n\n\n\n<ul class=\"wp-block-list\">\n<li>Unsere Zahlungsabwickler, die Zahlungsinformationen (z. B. Bankkonto, Kredit- oder Debitkarteninformationen, Rechnungsadresse) sammeln, um Ihre Zahlung zu verarbeiten, um Ihre Bestellungen zu erf\u00fcllen und Ihnen Produkte oder Dienstleistungen bereitzustellen, die Sie angefordert haben, um unseren Vertrag mit Ihnen zu erf\u00fcllen.<\/li>\n\n\n\n<li>Wenn Sie unsere Website besuchen, E-Mails \u00f6ffnen oder anklicken, die wir Ihnen senden, oder mit unseren Diensten oder Anzeigen interagieren, k\u00f6nnen wir oder Dritte, mit denen wir zusammenarbeiten, automatisch bestimmte Informationen mithilfe von Online-Tracking-Technologien wie Pixeln, Web Beacons, Softwareentwickler-Kits, Bibliotheken von Drittanbietern und Cookies sammeln.<\/li>\n<\/ul>\n\n\n\n<p>Alle Informationen, die wir von Dritten erhalten, werden gem\u00e4\u00df dieser Datenschutzrichtlinie behandelt. Wir sind nicht verantwortlich oder haftbar f\u00fcr die Richtigkeit der Informationen, die uns von Dritten zur Verf\u00fcgung gestellt werden, und sind nicht verantwortlich f\u00fcr die Richtlinien oder Praktiken Dritter. Weitere Informationen finden Sie im unten stehenden Abschnitt \u201eWebsites und Links von Drittanbietern\u201c.<\/p>\n\n\n\n<h3 class=\"wp-block-heading\">WIE WIR IHRE PERSONENBEZOGENEN DATEN NUTZEN<\/h3>\n\n\n\n<ul class=\"wp-block-list\">\n<li>Bereitstellung von Produkten und Dienstleistungen. Wir verwenden Ihre pers\u00f6nlichen Daten, um Ihnen die Dienste bereitzustellen, um unseren Vertrag mit Ihnen zu erf\u00fcllen, einschlie\u00dflich der Abwicklung Ihrer Zahlungen, der Erf\u00fcllung Ihrer Bestellungen, dem Versand von Benachrichtigungen zu Ihrem Konto, Eink\u00e4ufen, R\u00fccksendungen, Umtausch oder anderen Transaktionen, zur Erstellung, Pflege und Verwaltung Ihres Kontos, zur Organisation des Versands, zur Erleichterung von R\u00fccksendungen und Umtausch und um Ihnen die M\u00f6glichkeit zu geben, Bewertungen abzugeben.<\/li>\n\n\n\n<li>Marketing und Werbung. Wir verwenden Ihre pers\u00f6nlichen Daten f\u00fcr Marketing- und Werbezwecke, zum Beispiel um Ihnen Marketing-, Werbe- und Promotionsmitteilungen per E-Mail, SMS oder Post zu senden und um Ihnen Anzeigen f\u00fcr Produkte oder Dienstleistungen anzuzeigen. Dies kann auch die Verwendung Ihrer pers\u00f6nlichen Daten zur besseren Anpassung der Dienste und Werbung auf unserer Website und anderen Websites umfassen.<\/li>\n\n\n\n<li>Sicherheit und Betrugspr\u00e4vention. Wir verwenden Ihre pers\u00f6nlichen Daten zur Erkennung, Untersuchung oder Bek\u00e4mpfung m\u00f6glicher betr\u00fcgerischer, illegaler oder sch\u00e4dlicher Aktivit\u00e4ten. Wenn Sie sich entscheiden, die Dienste zu nutzen und ein Konto zu registrieren, sind Sie daf\u00fcr verantwortlich, Ihre Kontodaten sicher aufzubewahren. Wir empfehlen dringend, dass Sie Ihren Benutzernamen, Ihr Passwort oder andere Zugangsdaten nicht mit anderen teilen. Wenn Sie glauben, dass Ihr Konto kompromittiert wurde, kontaktieren Sie uns bitte umgehend.<\/li>\n\n\n\n<li>Kommunikation mit Ihnen. Wir verwenden Ihre pers\u00f6nlichen Daten, um Ihnen Kundenservice zu bieten und unsere Dienste zu verbessern. Dies liegt in unserem berechtigten Interesse, um auf Sie zu reagieren, effektive Dienste anzubieten und unsere Gesch\u00e4ftsbeziehung zu Ihnen aufrechtzuerhalten.<\/li>\n<\/ul>\n\n\n\n<h2 class=\"wp-block-heading\">COOKIES <\/h2>\n\n\n\n<p>Wie viele Websites verwenden wir Cookies auf unserer Website. F\u00fcr spezifische Informationen \u00fcber die von uns verwendeten Cookies siehe <a href=\"https:\/\/www.shopify.com\/legal\/cookies\">https:\/\/www.shopify.com\/legal\/cookies<\/a>. Wir verwenden Cookies, um unsere Website und unsere Dienste (einschlie\u00dflich der Erinnerung an Ihre Handlungen und Pr\u00e4ferenzen) zu betreiben und zu verbessern, Analysen durchzuf\u00fchren und die Interaktion der Nutzer mit den Diensten besser zu verstehen (in unserem berechtigten Interesse zur Verwaltung, Verbesserung und Optimierung der Dienste). Wir k\u00f6nnen auch Dritten und Dienstleistern erlauben, Cookies auf unserer Website zu verwenden, um die Dienste, Produkte und Werbung auf unserer Website und anderen Websites besser anzupassen.<\/p>\n\n\n\n<p>Die meisten Browser akzeptieren Cookies standardm\u00e4\u00dfig, aber Sie k\u00f6nnen Ihren Browser so einstellen, dass Cookies entfernt oder abgelehnt werden. Bitte beachten Sie, dass das Entfernen oder Blockieren von Cookies Ihre Benutzererfahrung negativ beeinflussen und dazu f\u00fchren kann, dass einige Dienste, einschlie\u00dflich bestimmter Funktionen und allgemeiner Funktionalit\u00e4t, nicht mehr korrekt funktionieren oder nicht mehr verf\u00fcgbar sind. Dar\u00fcber hinaus kann das Blockieren von Cookies m\u00f6glicherweise nicht vollst\u00e4ndig verhindern, wie wir Informationen mit Dritten wie unseren Werbepartnern teilen.<\/p>\n\n\n\n<h2 class=\"wp-block-heading\">WIE WIR PERSONENBEZOGENE DATEN OFFENLEGEN<\/h2>\n\n\n\n<p>In bestimmten F\u00e4llen k\u00f6nnen wir Ihre pers\u00f6nlichen Daten Dritten f\u00fcr legitime Zwecke offenlegen, die dieser Datenschutzrichtlinie unterliegen. Solche Umst\u00e4nde k\u00f6nnen Folgendes umfassen:<\/p>\n\n\n\n<ul class=\"wp-block-list\">\n<li>Mit Gesch\u00e4fts- und Marketingpartnern, um Dienstleistungen bereitzustellen und Werbung zu machen. Unsere Gesch\u00e4fts- und Marketingpartner werden Ihre Daten gem\u00e4\u00df ihren eigenen Datenschutzhinweisen verwenden.<\/li>\n\n\n\n<li>Wenn Sie uns anweisen, bitten oder anderweitig in die Offenlegung bestimmter Informationen an Dritte einwilligen, z.B. um Ihnen Produkte zuzusenden oder durch die Nutzung von sozialen Medien-Widgets oder Login-Integrationen, mit Ihrer Zustimmung.<\/li>\n\n\n\n<li>Mit unseren Tochtergesellschaften oder innerhalb unserer Unternehmensgruppe, in unserem berechtigten Interesse, ein erfolgreiches Gesch\u00e4ft zu f\u00fchren.<\/li>\n\n\n\n<li>Im Zusammenhang mit einer Gesch\u00e4ftstransaktion wie einer Fusion oder Insolvenz, zur Erf\u00fcllung gesetzlicher Verpflichtungen (einschlie\u00dflich der Beantwortung von Vorladungen, Durchsuchungsbefehlen und \u00e4hnlichen Anfragen), zur Durchsetzung geltender Nutzungsbedingungen und zum Schutz oder zur Verteidigung der Dienste, unserer Rechte und der Rechte unserer Nutzer oder anderer Personen.<\/li>\n<\/ul>\n\n\n\n<p>Wir haben in den letzten 12 Monaten die folgenden Kategorien personenbezogener Daten und sensibler personenbezogener Daten (gekennzeichnet mit *) \u00fcber Nutzer zu den in \u201eWie wir Ihre personenbezogenen Daten erheben und nutzen\u201c und \u201eWie wir personenbezogene Daten offenlegen\u201c genannten Zwecken offengelegt:<\/p>\n\n\n\n<figure class=\"wp-block-table\"><table class=\"has-fixed-layout\"><tbody><tr><th>Kategorie<\/th><th>Kategorien von Empf\u00e4ngern<\/th><\/tr><tr><td>&#8211; Kennungen wie grundlegende Kontaktdaten und bestimmte Bestell- und Kontoinformationen.<br>&#8211; Gesch\u00e4ftsinformationen wie Bestellinformationen, Einkaufsinformationen und Kundensupportinformationen.<br>&#8211; Internet- oder andere \u00e4hnliche Netzwerkaktivit\u00e4ten wie Nutzungsdaten.<\/td><td>&#8211; Anbieter und Dritte, die in unserem Auftrag Dienstleistungen erbringen (wie Internetdienstanbieter, Zahlungsabwickler, Erf\u00fcllungspartner, Kundensupportpartner und Datenanalyseanbieter).<br>&#8211; Gesch\u00e4fts- und Marketingpartner.<br>&#8211; Tochtergesellschaften.<\/td><\/tr><\/tbody><\/table><\/figure>\n\n\n\n<p>Wir verwenden oder offenlegen keine sensiblen personenbezogenen Daten, um R\u00fcckschl\u00fcsse auf Ihre Charaktereigenschaften zu ziehen.<\/p>\n\n\n\n<p><strong>VON NUTZERN ERSTELLTE INHALTE <\/strong><\/p>\n\n\n\n<p>Die Dienste k\u00f6nnen es Ihnen erm\u00f6glichen, Produktbewertungen und andere nutzergenerierte Inhalte zu ver\u00f6ffentlichen. Wenn Sie sich entscheiden, nutzergenerierte Inhalte in einem \u00f6ffentlichen Bereich der Dienste einzureichen, werden diese Inhalte \u00f6ffentlich und f\u00fcr jedermann zug\u00e4nglich sein.<\/p>\n\n\n\n<p>Wir kontrollieren nicht, wer Zugriff auf die Informationen hat, die Sie anderen zug\u00e4nglich machen, und k\u00f6nnen nicht sicherstellen, dass Parteien, die auf solche Informationen zugreifen, Ihre Privatsph\u00e4re respektieren oder sie sicher aufbewahren. Wir sind nicht verantwortlich f\u00fcr die Privatsph\u00e4re oder Sicherheit von Informationen, die Sie \u00f6ffentlich zug\u00e4nglich machen, oder f\u00fcr die Genauigkeit, Nutzung oder den Missbrauch von Informationen, die Sie Dritten offenlegen oder von Dritten erhalten.<\/p>\n\n\n\n<h2 class=\"wp-block-heading\">WEBSEITEN UND LINKS VON DRITTEN <\/h2>\n\n\n\n<p>Unsere Website kann Links zu Websites oder anderen Online-Plattformen enthalten, die von Dritten betrieben werden. Wenn Sie Links zu Websites folgen, die nicht mit uns verbunden oder unter unserer Kontrolle stehen, sollten Sie deren Datenschutz- und Sicherheitsrichtlinien sowie andere Gesch\u00e4ftsbedingungen \u00fcberpr\u00fcfen. Wir garantieren nicht und sind nicht verantwortlich f\u00fcr die Privatsph\u00e4re oder Sicherheit solcher Websites, einschlie\u00dflich der Genauigkeit, Vollst\u00e4ndigkeit oder Zuverl\u00e4ssigkeit der auf diesen Websites gefundenen Informationen. Informationen, die Sie in \u00f6ffentlichen oder halb\u00f6ffentlichen Bereichen bereitstellen, einschlie\u00dflich Informationen, die Sie auf Plattformen sozialer Netzwerke von Drittanbietern teilen, k\u00f6nnen auch von anderen Nutzern der Dienste und\/oder Nutzern dieser Drittanbieter-Plattformen ohne Einschr\u00e4nkung durch uns oder durch Dritte eingesehen werden. Unsere Einbindung solcher Links impliziert keine Billigung des Inhalts auf solchen Plattformen oder deren Eigent\u00fcmern oder Betreibern, es sei denn, dies ist auf den Diensten angegeben.<\/p>\n\n\n\n<p><strong>DATEN VON KINDERN <\/strong><\/p>\n\n\n\n<p>Die Dienste sind nicht f\u00fcr die Nutzung durch Kinder bestimmt, und wir erheben wissentlich keine pers\u00f6nlichen Daten von Kindern. Wenn Sie der Elternteil oder Erziehungsberechtigte eines Kindes sind, das uns seine pers\u00f6nlichen Daten zur Verf\u00fcgung gestellt hat, k\u00f6nnen Sie uns unter den unten angegebenen Kontaktdaten kontaktieren, um die L\u00f6schung dieser Daten zu verlangen.<\/p>\n\n\n\n<p>Zum Zeitpunkt des Inkrafttretens dieser Datenschutzrichtlinie haben wir keine tats\u00e4chliche Kenntnis davon, dass wir pers\u00f6nliche Daten von Personen unter 16 Jahren \u201eteilen\u201c oder \u201everkaufen\u201c (wie diese Begriffe im anwendbaren Recht definiert sind).<\/p>\n\n\n\n<h2 class=\"wp-block-heading\">SICHERHEIT UND AUFBEWAHRUNG IHRER INFORMATIONEN <\/h2>\n\n\n\n<p>Bitte beachten Sie, dass keine Sicherheitsma\u00dfnahmen perfekt oder undurchdringlich sind, und wir k\u00f6nnen keine \u201eperfekte Sicherheit\u201c garantieren. Dar\u00fcber hinaus k\u00f6nnen alle Informationen, die Sie uns senden, w\u00e4hrend der \u00dcbertragung m\u00f6glicherweise nicht sicher sein. Wir empfehlen Ihnen, keine unsicheren Kan\u00e4le zu verwenden, um uns sensible oder vertrauliche Informationen zu \u00fcbermitteln.<\/p>\n\n\n\n<p>Wie lange wir Ihre pers\u00f6nlichen Daten aufbewahren, h\u00e4ngt von verschiedenen Faktoren ab, wie z.B. ob wir die Informationen zur Pflege Ihres Kontos, zur Bereitstellung der Dienste, zur Einhaltung gesetzlicher Verpflichtungen, zur Beilegung von Streitigkeiten oder zur Durchsetzung anderer anwendbarer Vertr\u00e4ge und Richtlinien ben\u00f6tigen.<\/p>\n\n\n\n<h2 class=\"wp-block-heading\">IHRE RECHTE UND WAHLM\u00d6GLICHKEITEN<\/h2>\n\n\n\n<p>Je nachdem, wo Sie leben, k\u00f6nnen Sie einige oder alle der unten aufgef\u00fchrten Rechte in Bezug auf Ihre pers\u00f6nlichen Daten haben. Diese Rechte sind jedoch nicht absolut, k\u00f6nnen nur unter bestimmten Umst\u00e4nden gelten und wir k\u00f6nnen Ihre Anfrage in bestimmten F\u00e4llen nach geltendem Recht ablehnen.<\/p>\n\n\n\n<ul class=\"wp-block-list\">\n<li>Recht auf Zugang\/Wissen. Sie haben m\u00f6glicherweise das Recht, Zugang zu den pers\u00f6nlichen Daten zu verlangen, die wir \u00fcber Sie gespeichert haben, einschlie\u00dflich Details dar\u00fcber, wie wir Ihre Informationen verwenden und weitergeben.<\/li>\n\n\n\n<li>Recht auf L\u00f6schung. Sie haben m\u00f6glicherweise das Recht zu verlangen, dass wir pers\u00f6nliche Daten, die wir \u00fcber Sie gespeichert haben, l\u00f6schen.<\/li>\n\n\n\n<li>Recht auf Berichtigung. Sie haben m\u00f6glicherweise das Recht zu verlangen, dass wir ungenaue pers\u00f6nliche Daten, die wir \u00fcber Sie gespeichert haben, korrigieren.<\/li>\n\n\n\n<li>Recht auf \u00dcbertragbarkeit. Sie haben m\u00f6glicherweise das Recht, eine Kopie der pers\u00f6nlichen Daten, die wir \u00fcber Sie speichern, zu erhalten und zu verlangen, dass wir diese unter bestimmten Umst\u00e4nden und mit bestimmten Ausnahmen an Dritte \u00fcbertragen.<\/li>\n<\/ul>\n\n\n\n<ul class=\"wp-block-list\">\n<li>Einschr\u00e4nkung der Verarbeitung: Sie haben m\u00f6glicherweise das Recht zu verlangen, dass wir die Verarbeitung Ihrer pers\u00f6nlichen Daten einstellen oder einschr\u00e4nken.<\/li>\n\n\n\n<li>Widerruf der Einwilligung: Wenn wir uns auf Ihre Einwilligung zur Verarbeitung Ihrer pers\u00f6nlichen Daten st\u00fctzen, haben Sie m\u00f6glicherweise das Recht, diese Einwilligung zu widerrufen.<\/li>\n\n\n\n<li>Berufung: Sie haben m\u00f6glicherweise das Recht, unsere Entscheidung anzufechten, wenn wir Ihre Anfrage ablehnen. Sie k\u00f6nnen dies tun, indem Sie direkt auf unsere Ablehnung antworten.<\/li>\n\n\n\n<li>Verwaltung der Kommunikationspr\u00e4ferenzen: Wir k\u00f6nnen Ihnen Werbe-E-Mails senden, und Sie k\u00f6nnen sich jederzeit davon abmelden, indem Sie die in unseren E-Mails angezeigte Abmeldeoption nutzen. Wenn Sie sich abmelden, k\u00f6nnen wir Ihnen dennoch nicht werbliche E-Mails senden, z.B. solche \u00fcber Ihr Konto oder Bestellungen, die Sie aufgegeben haben.<\/li>\n<\/ul>\n\n\n\n<p>Sie k\u00f6nnen eines dieser Rechte dort aus\u00fcben, wo dies auf unserer Website angegeben ist, oder indem Sie uns \u00fcber die unten angegebenen Kontaktdaten kontaktieren.<\/p>\n\n\n\n<p>Wir werden Sie nicht diskriminieren, wenn Sie eines dieser Rechte aus\u00fcben. Wir m\u00fcssen m\u00f6glicherweise Informationen von Ihnen erheben, um Ihre Identit\u00e4t zu \u00fcberpr\u00fcfen, wie z.B. Ihre E-Mail-Adresse oder Kontoinformationen, bevor wir auf die Anfrage inhaltlich reagieren k\u00f6nnen. In \u00dcbereinstimmung mit geltendem Recht k\u00f6nnen Sie einen autorisierten Vertreter benennen, der Anfragen in Ihrem Namen stellt, um Ihre Rechte auszu\u00fcben. Bevor wir eine solche Anfrage von einem Vertreter akzeptieren, verlangen wir, dass der Vertreter nachweist, dass Sie ihn autorisiert haben, in Ihrem Namen zu handeln, und m\u00f6glicherweise m\u00fcssen Sie Ihre Identit\u00e4t direkt bei uns \u00fcberpr\u00fcfen. Wir werden auf Ihre Anfrage innerhalb der gesetzlich vorgeschriebenen Frist antworten.<\/p>\n\n\n\n<h2 class=\"wp-block-heading\">BESCHWERDEN <\/h2>\n\n\n\n<p>Wenn Sie Beschwerden dar\u00fcber haben, wie wir Ihre pers\u00f6nlichen Daten verarbeiten, kontaktieren Sie uns bitte unter den unten angegebenen Kontaktdaten. Wenn Sie mit unserer Antwort auf Ihre Beschwerde nicht zufrieden sind, haben Sie m\u00f6glicherweise das Recht, unsere Entscheidung anzufechten, indem Sie uns unter den unten angegebenen Kontaktdaten kontaktieren oder sich bei Ihrer \u00f6rtlichen Datenschutzbeh\u00f6rde beschweren.<\/p>\n\n\n\n<p><strong>INTERNATIONALE NUTZER <\/strong><\/p>\n\n\n\n<p>Bitte beachten Sie, dass wir Ihre pers\u00f6nlichen Daten m\u00f6glicherweise au\u00dferhalb des Landes, in dem Sie leben, einschlie\u00dflich der Vereinigten Staaten, \u00fcbertragen, speichern und verarbeiten. Ihre pers\u00f6nlichen Daten werden auch von Mitarbeitern und Dienstleistern und Partnern in diesen L\u00e4ndern verarbeitet.<\/p>\n\n\n\n<p>Wenn wir Ihre pers\u00f6nlichen Daten aus Europa \u00fcbertragen, st\u00fctzen wir uns auf anerkannte \u00dcbertragungsmechanismen wie die Standardvertragsklauseln der Europ\u00e4ischen Kommission oder gleichwertige Vertr\u00e4ge, die von der zust\u00e4ndigen Beh\u00f6rde des Vereinigten K\u00f6nigreichs ausgestellt wurden, es sei denn, die Daten\u00fcbertragung erfolgt in ein Land, das als angemessenes Schutzniveau anerkannt wurde.<\/p>\n\n\n\n<p><strong>KONTAKT <\/strong><\/p>\n\n\n\n<p>Wenn Sie Fragen zu unseren Datenschutzpraktiken oder dieser Datenschutzrichtlinie haben oder eines der Ihnen zur Verf\u00fcgung stehenden Rechte aus\u00fcben m\u00f6chten, senden Sie bitte eine E-Mail an <a href=\"mailto:salesabrasivetechnology@gmail.com\">salesabrasivetechnology@gmail.com<\/a><\/p>\n","protected":false},"excerpt":{"rendered":"<p>Letzte Aktualisierung:&nbsp;26.06.2024 Diese Datenschutzrichtlinie beschreibt, wie Abrasive Technology (die \u201eWebsite\u201c, \u201ewir\u201c, \u201euns\u201c oder \u201eunser\u201c) Ihre pers\u00f6nlichen Daten sammelt, verwendet und weitergibt, wenn Sie unsere Dienste besuchen, nutzen oder einen Kauf bei abrasive.com (die \u201eWebsite\u201c) t\u00e4tigen oder anderweitig mit uns kommunizieren (zusammenfassend die \u201eDienste\u201c). Im Sinne dieser Datenschutzrichtlinie beziehen sich \u201eSie\u201c und \u201eIhr\u201c auf Sie als Nutzer der Dienste, sei es\u2026<\/p>\n","protected":false},"author":1,"featured_media":0,"parent":0,"menu_order":0,"comment_status":"closed","ping_status":"open","template":"","meta":{"_acf_changed":false,"footnotes":""},"acf":[],"_links":{"self":[{"href":"https:\/\/europe.buysteelgrit.com\/de\/wp-json\/wp\/v2\/pages\/10569"}],"collection":[{"href":"https:\/\/europe.buysteelgrit.com\/de\/wp-json\/wp\/v2\/pages"}],"about":[{"href":"https:\/\/europe.buysteelgrit.com\/de\/wp-json\/wp\/v2\/types\/page"}],"author":[{"embeddable":true,"href":"https:\/\/europe.buysteelgrit.com\/de\/wp-json\/wp\/v2\/users\/1"}],"replies":[{"embeddable":true,"href":"https:\/\/europe.buysteelgrit.com\/de\/wp-json\/wp\/v2\/comments?post=10569"}],"version-history":[{"count":0,"href":"https:\/\/europe.buysteelgrit.com\/de\/wp-json\/wp\/v2\/pages\/10569\/revisions"}],"wp:attachment":[{"href":"https:\/\/europe.buysteelgrit.com\/de\/wp-json\/wp\/v2\/media?parent=10569"}],"curies":[{"name":"wp","href":"https:\/\/api.w.org\/{rel}","templated":true}]}}