{"id":10493,"date":"2023-10-06T04:13:39","date_gmt":"2023-10-06T04:13:39","guid":{"rendered":"https:\/\/europe.buysteelgrit.com\/about-us\/"},"modified":"2024-08-20T21:49:31","modified_gmt":"2024-08-20T21:49:31","slug":"about-us","status":"publish","type":"page","link":"https:\/\/europe.buysteelgrit.com\/pl\/about-us\/","title":{"rendered":"O nas"},"content":{"rendered":"\t\t<div data-elementor-type=\"wp-page\" data-elementor-id=\"10493\" class=\"elementor elementor-10493 elementor-6863\">\n\t\t\t\t<div class=\"elementor-element elementor-element-40ec82a e-flex e-con-boxed kitify-col-width-auto-no ignore-docs-style-no kitify-disable-relative-no e-root-container elementor-top-section e-con e-parent\" data-id=\"40ec82a\" data-element_type=\"container\">\n\t\t\t\t\t<div class=\"e-con-inner\">\n\t\t\t\t<div class=\"elementor-element elementor-element-eb8bd4d elementor-widget__width-initial elementor-invisible kitify-has-entrance-animation elementor-widget elementor-widget-heading\" data-id=\"eb8bd4d\" data-element_type=\"widget\" data-settings=\"{&quot;_animation&quot;:&quot;kitifyShortFadeInUp&quot;}\" data-widget_type=\"heading.default\">\n\t\t\t\t<div class=\"elementor-widget-container\">\n\t\t\t<style>\/*! elementor - v3.23.0 - 25-07-2024 *\/\n.elementor-heading-title{padding:0;margin:0;line-height:1}.elementor-widget-heading .elementor-heading-title[class*=elementor-size-]>a{color:inherit;font-size:inherit;line-height:inherit}.elementor-widget-heading .elementor-heading-title.elementor-size-small{font-size:15px}.elementor-widget-heading .elementor-heading-title.elementor-size-medium{font-size:19px}.elementor-widget-heading .elementor-heading-title.elementor-size-large{font-size:29px}.elementor-widget-heading .elementor-heading-title.elementor-size-xl{font-size:39px}.elementor-widget-heading .elementor-heading-title.elementor-size-xxl{font-size:59px}<\/style><h2 class=\"elementor-heading-title elementor-size-default\">O nas<\/h2>\t\t<\/div>\n\t\t\t\t<\/div>\n\t\t\t\t\t<\/div>\n\t\t\t\t<\/div>\n\t\t<div class=\"elementor-element elementor-element-9b6030b e-flex e-con-boxed kitify-col-width-auto-no ignore-docs-style-no kitify-disable-relative-no elementor-invisible e-root-container elementor-top-section kitify-has-entrance-animation e-con e-parent\" data-id=\"9b6030b\" data-element_type=\"container\" data-settings=\"{&quot;animation&quot;:&quot;kitifyShortFadeInUp&quot;}\">\n\t\t\t\t\t<div class=\"e-con-inner\">\n\t\t<div class=\"elementor-element elementor-element-d5f6798 e-con-full e-flex kitify-col-width-auto-no ignore-docs-style-no kitify-disable-relative-no e-con e-child\" data-id=\"d5f6798\" data-element_type=\"container\">\n\t\t\t\t<div class=\"elementor-element elementor-element-cd586e7 elementor-widget elementor-widget-heading\" data-id=\"cd586e7\" data-element_type=\"widget\" data-widget_type=\"heading.default\">\n\t\t\t\t<div class=\"elementor-widget-container\">\n\t\t\t<h3 class=\"elementor-heading-title elementor-size-default\"><font color=\"#666666\" face=\"Outfit, sans-serif\"><span style=\"font-size: 18px;\">ZIBO TAA METAL TECHNOLOGY CO.,LTD <\/span><\/font><\/h3>\t\t<\/div>\n\t\t\t\t<\/div>\n\t\t\t\t<\/div>\n\t\t<div class=\"elementor-element elementor-element-25d51ad e-con-full e-flex kitify-col-width-auto-no ignore-docs-style-no kitify-disable-relative-no e-con e-child\" data-id=\"25d51ad\" data-element_type=\"container\">\n\t\t\t\t<div class=\"elementor-element elementor-element-d03a395 elementor-widget elementor-widget-heading\" data-id=\"d03a395\" data-element_type=\"widget\" data-widget_type=\"heading.default\">\n\t\t\t\t<div class=\"elementor-widget-container\">\n\t\t\t<p class=\"elementor-heading-title elementor-size-default\">to wiod\u0105cy producent \u015bcierniw metalowych w Azji i jeden z trzech najwi\u0119kszych na \u015bwiecie. TAA prowadzi trzy zak\u0142ady produkcyjne, zlokalizowane osobno w Shandong i Fujian w Chinach oraz w Rayong w Tajlandii, co przyczynia si\u0119 do rocznej produkcji 200 000 ton \u015bcierniw metalowych. TAA jest zaanga\u017cowana w rozw\u00f3j i udoskonalanie przemys\u0142u obr\u00f3bki powierzchni, oferuj\u0105c zr\u00f3\u017cnicowane \u015bcierniwa metalowe, zaawansowane inteligentne urz\u0105dzenia do obr\u00f3bki powierzchni oraz profesjonalne rozwi\u0105zania techniczne. Misj\u0105 firmy jest \u201eZwi\u0119kszenie wydajno\u015bci, inteligencji i ekologii obr\u00f3bki powierzchni\u201d, dlatego TAA stale zwi\u0119ksza inwestycje w badania i rozw\u00f3j, aby u\u0142atwi\u0107 przemys\u0142owi osi\u0105gni\u0119cie niskiej emisji dwutlenku w\u0119gla i redukcji koszt\u00f3w.<\/p>\t\t<\/div>\n\t\t\t\t<\/div>\n\t\t\t\t<\/div>\n\t\t\t\t\t<\/div>\n\t\t\t\t<\/div>\n\t\t<div class=\"elementor-element elementor-element-9a7f359 e-flex e-con-boxed kitify-col-width-auto-no ignore-docs-style-no kitify-disable-relative-no e-root-container elementor-top-section e-con e-parent\" data-id=\"9a7f359\" data-element_type=\"container\">\n\t\t\t\t\t<div class=\"e-con-inner\">\n\t\t<div class=\"elementor-element elementor-element-52113a5 e-con-full e-flex kitify-col-width-auto-no ignore-docs-style-no kitify-disable-relative-no elementor-invisible kitify-has-entrance-animation e-con e-child\" data-id=\"52113a5\" data-element_type=\"container\" data-settings=\"{&quot;animation&quot;:&quot;kitifyShortFadeInUp&quot;}\">\n\t\t\t\t<div class=\"elementor-element elementor-element-5fbb239 elementor-widget elementor-widget-counter\" data-id=\"5fbb239\" data-element_type=\"widget\" data-widget_type=\"counter.default\">\n\t\t\t\t<div class=\"elementor-widget-container\">\n\t\t\t<style>\/*! elementor - v3.23.0 - 25-07-2024 *\/\n.elementor-counter{display:flex;justify-content:center;align-items:stretch;flex-direction:column-reverse}.elementor-counter .elementor-counter-number{flex-grow:var(--counter-number-grow,0)}.elementor-counter .elementor-counter-number-wrapper{flex:1;display:flex;font-size:69px;font-weight:600;line-height:1;text-align:center}.elementor-counter .elementor-counter-number-prefix{text-align:end;flex-grow:var(--counter-prefix-grow,1);white-space:pre-wrap}.elementor-counter .elementor-counter-number-suffix{text-align:start;flex-grow:var(--counter-suffix-grow,1);white-space:pre-wrap}.elementor-counter .elementor-counter-title{flex:1;display:flex;justify-content:center;align-items:center;margin:0;padding:0;font-size:19px;font-weight:400;line-height:2.5}<\/style>\t\t<div class=\"elementor-counter\">\n\t\t\t<div class=\"elementor-counter-title\">patent\u00f3w wynalazczych<\/div>\t\t\t<div class=\"elementor-counter-number-wrapper\">\n\t\t\t\t<span class=\"elementor-counter-number-prefix\"><\/span>\n\t\t\t\t<span class=\"elementor-counter-number\" data-duration=\"2000\" data-to-value=\"50\" data-from-value=\"0\" data-delimiter=\",\">0<\/span>\n\t\t\t\t<span class=\"elementor-counter-number-suffix\">+<\/span>\n\t\t\t<\/div>\n\t\t<\/div>\n\t\t\t\t<\/div>\n\t\t\t\t<\/div>\n\t\t\t\t<\/div>\n\t\t<div class=\"elementor-element elementor-element-b0e27af e-con-full e-flex kitify-col-width-auto-no ignore-docs-style-no kitify-disable-relative-no elementor-invisible kitify-has-entrance-animation e-con e-child\" data-id=\"b0e27af\" data-element_type=\"container\" data-settings=\"{&quot;animation&quot;:&quot;kitifyShortFadeInUp&quot;,&quot;animation_delay&quot;:400}\">\n\t\t\t\t<div class=\"elementor-element elementor-element-1bab4be elementor-widget elementor-widget-counter\" data-id=\"1bab4be\" data-element_type=\"widget\" data-widget_type=\"counter.default\">\n\t\t\t\t<div class=\"elementor-widget-container\">\n\t\t\t\t\t<div class=\"elementor-counter\">\n\t\t\t<div class=\"elementor-counter-title\">lat do\u015bwiadczenia<\/div>\t\t\t<div class=\"elementor-counter-number-wrapper\">\n\t\t\t\t<span class=\"elementor-counter-number-prefix\"><\/span>\n\t\t\t\t<span class=\"elementor-counter-number\" data-duration=\"2000\" data-to-value=\"25\" data-from-value=\"0\" data-delimiter=\",\">0<\/span>\n\t\t\t\t<span class=\"elementor-counter-number-suffix\">+<\/span>\n\t\t\t<\/div>\n\t\t<\/div>\n\t\t\t\t<\/div>\n\t\t\t\t<\/div>\n\t\t\t\t<\/div>\n\t\t<div class=\"elementor-element elementor-element-92ed50e e-con-full e-flex kitify-col-width-auto-no ignore-docs-style-no kitify-disable-relative-no elementor-invisible kitify-has-entrance-animation e-con e-child\" data-id=\"92ed50e\" data-element_type=\"container\" data-settings=\"{&quot;animation&quot;:&quot;kitifyShortFadeInUp&quot;,&quot;animation_delay&quot;:500}\">\n\t\t\t\t<div class=\"elementor-element elementor-element-29e5f94 elementor-widget elementor-widget-counter\" data-id=\"29e5f94\" data-element_type=\"widget\" data-widget_type=\"counter.default\">\n\t\t\t\t<div class=\"elementor-widget-container\">\n\t\t\t\t\t<div class=\"elementor-counter\">\n\t\t\t<div class=\"elementor-counter-title\">Ponad nagr\u00f3d<\/div>\t\t\t<div class=\"elementor-counter-number-wrapper\">\n\t\t\t\t<span class=\"elementor-counter-number-prefix\"><\/span>\n\t\t\t\t<span class=\"elementor-counter-number\" data-duration=\"2000\" data-to-value=\"100\" data-from-value=\"0\" data-delimiter=\",\">0<\/span>\n\t\t\t\t<span class=\"elementor-counter-number-suffix\">+<\/span>\n\t\t\t<\/div>\n\t\t<\/div>\n\t\t\t\t<\/div>\n\t\t\t\t<\/div>\n\t\t\t\t<\/div>\n\t\t<div class=\"elementor-element elementor-element-f115eda e-con-full e-flex kitify-col-width-auto-no ignore-docs-style-no kitify-disable-relative-no elementor-invisible kitify-has-entrance-animation e-con e-child\" data-id=\"f115eda\" data-element_type=\"container\" data-settings=\"{&quot;animation&quot;:&quot;kitifyShortFadeInUp&quot;,&quot;animation_delay&quot;:600}\">\n\t\t\t\t<div class=\"elementor-element elementor-element-4aeeb82 elementor-widget elementor-widget-counter\" data-id=\"4aeeb82\" data-element_type=\"widget\" data-widget_type=\"counter.default\">\n\t\t\t\t<div class=\"elementor-widget-container\">\n\t\t\t\t\t<div class=\"elementor-counter\">\n\t\t\t<div class=\"elementor-counter-title\">Award gained<\/div>\t\t\t<div class=\"elementor-counter-number-wrapper\">\n\t\t\t\t<span class=\"elementor-counter-number-prefix\"><\/span>\n\t\t\t\t<span class=\"elementor-counter-number\" data-duration=\"2000\" data-to-value=\"20\" data-from-value=\"0\" data-delimiter=\",\">0<\/span>\n\t\t\t\t<span class=\"elementor-counter-number-suffix\">+<\/span>\n\t\t\t<\/div>\n\t\t<\/div>\n\t\t\t\t<\/div>\n\t\t\t\t<\/div>\n\t\t\t\t<\/div>\n\t\t\t\t\t<\/div>\n\t\t\t\t<\/div>\n\t\t<div class=\"elementor-element elementor-element-d9ea63b e-flex e-con-boxed kitify-col-width-auto-no ignore-docs-style-no kitify-disable-relative-no elementor-invisible e-root-container elementor-top-section kitify-has-entrance-animation e-con e-parent\" data-id=\"d9ea63b\" data-element_type=\"container\" data-settings=\"{&quot;animation&quot;:&quot;kitifyShortFadeInUp&quot;}\">\n\t\t\t\t\t<div class=\"e-con-inner\">\n\t\t<div class=\"elementor-element elementor-element-5aade0e e-con-full e-flex kitify-col-width-auto-no ignore-docs-style-no kitify-disable-relative-no e-con e-child\" data-id=\"5aade0e\" data-element_type=\"container\">\n\t\t\t\t<div class=\"elementor-element elementor-element-77826fe elementor-widget elementor-widget-heading\" data-id=\"77826fe\" data-element_type=\"widget\" data-widget_type=\"heading.default\">\n\t\t\t\t<div class=\"elementor-widget-container\">\n\t\t\t<h3 class=\"elementor-heading-title elementor-size-default\">Abrasive Distribution SRO<\/h3>\t\t<\/div>\n\t\t\t\t<\/div>\n\t\t\t\t<\/div>\n\t\t<div class=\"elementor-element elementor-element-cbc7e7c e-con-full e-flex kitify-col-width-auto-no ignore-docs-style-no kitify-disable-relative-no e-con e-child\" data-id=\"cbc7e7c\" data-element_type=\"container\">\n\t\t\t\t<div class=\"elementor-element elementor-element-f7b3749 elementor-widget elementor-widget-heading\" data-id=\"f7b3749\" data-element_type=\"widget\" data-widget_type=\"heading.default\">\n\t\t\t\t<div class=\"elementor-widget-container\">\n\t\t\t<p class=\"elementor-heading-title elementor-size-default\">jest oficjalnym autoryzowanym dystrybutorem w UE.\n\n<br><br>Dzi\u0119ki naszym magazynom \u015bcierniw stalowych w UE zapewniamy szybk\u0105 dostaw\u0119 \u015brutu i \u017cwiru stalowego bezpo\u015brednio do drzwi klienta, wystawiaj\u0105c faktury z 0% VAT. Nasza sie\u0107 dystrybucji obejmuje Czechy, S\u0142owacj\u0119, Polsk\u0119, Niemcy i Austri\u0119.<\/p>\t\t<\/div>\n\t\t\t\t<\/div>\n\t\t\t\t<\/div>\n\t\t\t\t\t<\/div>\n\t\t\t\t<\/div>\n\t\t<div class=\"elementor-element elementor-element-66db326 e-flex e-con-boxed kitify-col-width-auto-no ignore-docs-style-no kitify-disable-relative-no e-root-container elementor-top-section e-con e-parent\" data-id=\"66db326\" data-element_type=\"container\">\n\t\t\t\t\t<div class=\"e-con-inner\">\n\t\t\t\t<div class=\"elementor-element elementor-element-fcc5feb gallery-spacing-custom elementor-widget elementor-widget-image-gallery\" data-id=\"fcc5feb\" data-element_type=\"widget\" data-widget_type=\"image-gallery.default\">\n\t\t\t\t<div class=\"elementor-widget-container\">\n\t\t\t<style>.elementor-image-gallery .gallery-item{display:inline-block;text-align:center;vertical-align:top;width:100%;max-width:100%;margin:0 auto}.elementor-image-gallery .gallery-item img{margin:0 auto}.elementor-image-gallery .gallery-item .gallery-caption{margin:0}.elementor-image-gallery figure img{display:block}.elementor-image-gallery figure figcaption{width:100%}.gallery-spacing-custom .elementor-image-gallery .gallery-icon{padding:0}@media (min-width:768px){.elementor-image-gallery .gallery-columns-2 .gallery-item{max-width:50%}.elementor-image-gallery .gallery-columns-3 .gallery-item{max-width:33.33%}.elementor-image-gallery .gallery-columns-4 .gallery-item{max-width:25%}.elementor-image-gallery .gallery-columns-5 .gallery-item{max-width:20%}.elementor-image-gallery .gallery-columns-6 .gallery-item{max-width:16.666%}.elementor-image-gallery .gallery-columns-7 .gallery-item{max-width:14.28%}.elementor-image-gallery .gallery-columns-8 .gallery-item{max-width:12.5%}.elementor-image-gallery .gallery-columns-9 .gallery-item{max-width:11.11%}.elementor-image-gallery .gallery-columns-10 .gallery-item{max-width:10%}}@media (min-width:480px) and (max-width:767px){.elementor-image-gallery .gallery.gallery-columns-2 .gallery-item,.elementor-image-gallery .gallery.gallery-columns-3 .gallery-item,.elementor-image-gallery .gallery.gallery-columns-4 .gallery-item,.elementor-image-gallery .gallery.gallery-columns-5 .gallery-item,.elementor-image-gallery .gallery.gallery-columns-6 .gallery-item,.elementor-image-gallery .gallery.gallery-columns-7 .gallery-item,.elementor-image-gallery .gallery.gallery-columns-8 .gallery-item,.elementor-image-gallery .gallery.gallery-columns-9 .gallery-item,.elementor-image-gallery .gallery.gallery-columns-10 .gallery-item{max-width:50%}}@media (max-width:479px){.elementor-image-gallery .gallery.gallery-columns-2 .gallery-item,.elementor-image-gallery .gallery.gallery-columns-3 .gallery-item,.elementor-image-gallery .gallery.gallery-columns-4 .gallery-item,.elementor-image-gallery .gallery.gallery-columns-5 .gallery-item,.elementor-image-gallery .gallery.gallery-columns-6 .gallery-item,.elementor-image-gallery .gallery.gallery-columns-7 .gallery-item,.elementor-image-gallery .gallery.gallery-columns-8 .gallery-item,.elementor-image-gallery .gallery.gallery-columns-9 .gallery-item,.elementor-image-gallery .gallery.gallery-columns-10 .gallery-item{max-width:100%}}<\/style>\t\t<div class=\"elementor-image-gallery\">\n\t\t\t<div id='gallery-1' class='gallery galleryid-10493 gallery-columns-4 gallery-size-miniture-product-03'><figure class='gallery-item'>\n\t\t\t<div class='gallery-icon landscape'>\n\t\t\t\t<img fetchpriority=\"high\" decoding=\"async\" width=\"600\" height=\"345\" src=\"https:\/\/europe.buysteelgrit.com\/wp-content\/uploads\/2024\/08\/smelting-600x345.jpg\" class=\"attachment-miniture-product-03 size-miniture-product-03\" alt=\"\" \/>\n\t\t\t<\/div><\/figure><figure class='gallery-item'>\n\t\t\t<div class='gallery-icon landscape'>\n\t\t\t\t<img decoding=\"async\" width=\"600\" height=\"345\" src=\"https:\/\/europe.buysteelgrit.com\/wp-content\/uploads\/2024\/08\/refining-600x345.jpg\" class=\"attachment-miniture-product-03 size-miniture-product-03\" alt=\"\" \/>\n\t\t\t<\/div><\/figure><figure class='gallery-item'>\n\t\t\t<div class='gallery-icon landscape'>\n\t\t\t\t<img decoding=\"async\" width=\"600\" height=\"345\" src=\"https:\/\/europe.buysteelgrit.com\/wp-content\/uploads\/2024\/08\/granulation-600x345.jpg\" class=\"attachment-miniture-product-03 size-miniture-product-03\" alt=\"\" \/>\n\t\t\t<\/div><\/figure><figure class='gallery-item'>\n\t\t\t<div class='gallery-icon landscape'>\n\t\t\t\t<img loading=\"lazy\" decoding=\"async\" width=\"600\" height=\"345\" src=\"https:\/\/europe.buysteelgrit.com\/wp-content\/uploads\/2024\/08\/selection-600x345.jpg\" class=\"attachment-miniture-product-03 size-miniture-product-03\" alt=\"\" \/>\n\t\t\t<\/div><\/figure><figure class='gallery-item'>\n\t\t\t<div class='gallery-icon landscape'>\n\t\t\t\t<img loading=\"lazy\" decoding=\"async\" width=\"600\" height=\"345\" src=\"https:\/\/europe.buysteelgrit.com\/wp-content\/uploads\/2024\/08\/Quenching-600x345.jpg\" class=\"attachment-miniture-product-03 size-miniture-product-03\" alt=\"\" \/>\n\t\t\t<\/div><\/figure><figure class='gallery-item'>\n\t\t\t<div class='gallery-icon landscape'>\n\t\t\t\t<img loading=\"lazy\" decoding=\"async\" width=\"600\" height=\"345\" src=\"https:\/\/europe.buysteelgrit.com\/wp-content\/uploads\/2024\/08\/tempering-600x345.jpg\" class=\"attachment-miniture-product-03 size-miniture-product-03\" alt=\"\" \/>\n\t\t\t<\/div><\/figure><figure class='gallery-item'>\n\t\t\t<div class='gallery-icon landscape'>\n\t\t\t\t<img loading=\"lazy\" decoding=\"async\" width=\"600\" height=\"345\" src=\"https:\/\/europe.buysteelgrit.com\/wp-content\/uploads\/2024\/08\/crushing-600x345.jpg\" class=\"attachment-miniture-product-03 size-miniture-product-03\" alt=\"\" \/>\n\t\t\t<\/div><\/figure><figure class='gallery-item'>\n\t\t\t<div class='gallery-icon landscape'>\n\t\t\t\t<img loading=\"lazy\" decoding=\"async\" width=\"600\" height=\"345\" src=\"https:\/\/europe.buysteelgrit.com\/wp-content\/uploads\/2024\/08\/sieving-600x345.jpg\" class=\"attachment-miniture-product-03 size-miniture-product-03\" alt=\"\" \/>\n\t\t\t<\/div><\/figure><figure class='gallery-item'>\n\t\t\t<div class='gallery-icon landscape'>\n\t\t\t\t<img loading=\"lazy\" decoding=\"async\" width=\"600\" height=\"345\" src=\"https:\/\/europe.buysteelgrit.com\/wp-content\/uploads\/2024\/08\/packing-600x345.jpg\" class=\"attachment-miniture-product-03 size-miniture-product-03\" alt=\"\" \/>\n\t\t\t<\/div><\/figure><figure class='gallery-item'>\n\t\t\t<div class='gallery-icon portrait'>\n\t\t\t\t<img loading=\"lazy\" decoding=\"async\" width=\"600\" height=\"345\" src=\"https:\/\/europe.buysteelgrit.com\/wp-content\/uploads\/2024\/08\/abb-steel-shot-bag-25kg-w-bg-600x345.png\" class=\"attachment-miniture-product-03 size-miniture-product-03\" alt=\"\" \/>\n\t\t\t<\/div><\/figure><figure class='gallery-item'>\n\t\t\t<div class='gallery-icon portrait'>\n\t\t\t\t<img loading=\"lazy\" decoding=\"async\" width=\"600\" height=\"345\" src=\"https:\/\/europe.buysteelgrit.com\/wp-content\/uploads\/2024\/08\/S330-600x345.jpeg\" class=\"attachment-miniture-product-03 size-miniture-product-03\" alt=\"\" \/>\n\t\t\t<\/div><\/figure><figure class='gallery-item'>\n\t\t\t<div class='gallery-icon landscape'>\n\t\t\t\t<img loading=\"lazy\" decoding=\"async\" width=\"600\" height=\"345\" src=\"https:\/\/europe.buysteelgrit.com\/wp-content\/uploads\/2024\/08\/pallet-600x345.jpg\" class=\"attachment-miniture-product-03 size-miniture-product-03\" alt=\"\" \/>\n\t\t\t<\/div><\/figure>\n\t\t<\/div>\n\t\t<\/div>\n\t\t\t\t<\/div>\n\t\t\t\t<\/div>\n\t\t\t\t\t<\/div>\n\t\t\t\t<\/div>\n\t\t\t\t<\/div>\n\t\t","protected":false},"excerpt":{"rendered":"<p>O nas ZIBO TAA METAL TECHNOLOGY CO.,LTD to wiod\u0105cy producent \u015bcierniw metalowych w Azji i jeden z trzech najwi\u0119kszych na \u015bwiecie. TAA prowadzi trzy zak\u0142ady produkcyjne, zlokalizowane osobno w Shandong i Fujian w Chinach oraz w Rayong w Tajlandii, co przyczynia si\u0119 do rocznej produkcji 200 000 ton \u015bcierniw metalowych. TAA jest zaanga\u017cowana w rozw\u00f3j i udoskonalanie przemys\u0142u obr\u00f3bki powierzchni,\u2026<\/p>\n","protected":false},"author":1,"featured_media":0,"parent":0,"menu_order":0,"comment_status":"closed","ping_status":"closed","template":"","meta":{"_acf_changed":false,"footnotes":""},"acf":[],"_links":{"self":[{"href":"https:\/\/europe.buysteelgrit.com\/pl\/wp-json\/wp\/v2\/pages\/10493"}],"collection":[{"href":"https:\/\/europe.buysteelgrit.com\/pl\/wp-json\/wp\/v2\/pages"}],"about":[{"href":"https:\/\/europe.buysteelgrit.com\/pl\/wp-json\/wp\/v2\/types\/page"}],"author":[{"embeddable":true,"href":"https:\/\/europe.buysteelgrit.com\/pl\/wp-json\/wp\/v2\/users\/1"}],"replies":[{"embeddable":true,"href":"https:\/\/europe.buysteelgrit.com\/pl\/wp-json\/wp\/v2\/comments?post=10493"}],"version-history":[{"count":0,"href":"https:\/\/europe.buysteelgrit.com\/pl\/wp-json\/wp\/v2\/pages\/10493\/revisions"}],"wp:attachment":[{"href":"https:\/\/europe.buysteelgrit.com\/pl\/wp-json\/wp\/v2\/media?parent=10493"}],"curies":[{"name":"wp","href":"https:\/\/api.w.org\/{rel}","templated":true}]}}