{"id":10570,"date":"2024-05-23T09:33:43","date_gmt":"2024-05-23T09:33:43","guid":{"rendered":"https:\/\/europe.buysteelgrit.com\/privacy-policy\/"},"modified":"2024-08-20T21:03:26","modified_gmt":"2024-08-20T21:03:26","slug":"privacy-policy","status":"publish","type":"page","link":"https:\/\/europe.buysteelgrit.com\/pl\/privacy-policy\/","title":{"rendered":"Polityka prywatno\u015bci"},"content":{"rendered":"\n<p>Ostatnia aktualizacja:&nbsp;26.06.2024<\/p>\n\n\n\n<p>This Privacy Policy describes how Abrasive Technology (the &#8222;<strong>Site<\/strong>&#8222;, &#8222;<strong>we<\/strong>&#8222;, &#8222;<strong>us<\/strong>&#8222;, or &#8222;<strong>our<\/strong>&#8222;) collects, uses, aNiniejsza Polityka Prywatno\u015bci opisuje, w jaki spos\u00f3b Abrasive Technology (dalej \u201eStrona\u201d, \u201emy\u201d, \u201enas\u201d lub \u201enasz\u201d) gromadzi, wykorzystuje i ujawnia Twoje dane osobowe podczas odwiedzania naszej strony, korzystania z naszych us\u0142ug lub dokonywania zakupu na abrasive.com (dalej \u201eStrona\u201d) lub w inny spos\u00f3b komunikowania si\u0119 z nami (\u0142\u0105cznie \u201eUs\u0142ugi\u201d). Dla cel\u00f3w niniejszej Polityki Prywatno\u015bci, \u201eTy\u201d i \u201eTwoje\u201d oznacza Ciebie jako u\u017cytkownika Us\u0142ug, niezale\u017cnie od tego, czy jeste\u015b klientem, odwiedzaj\u0105cym stron\u0119, czy inn\u0105 osob\u0105, kt\u00f3rej dane zebrali\u015bmy zgodnie z t\u0105 Polityk\u0105 Prywatno\u015bci.<\/p>\n\n\n\n<p>Prosimy o dok\u0142adne zapoznanie si\u0119 z t\u0105 Polityk\u0105 Prywatno\u015bci. Korzystaj\u0105c z Us\u0142ug i uzyskuj\u0105c do nich dost\u0119p, zgadzasz si\u0119 na gromadzenie, wykorzystywanie i ujawnianie Twoich danych zgodnie z niniejsz\u0105 Polityk\u0105 Prywatno\u015bci. Je\u015bli nie zgadzasz si\u0119 z niniejsz\u0105 Polityk\u0105 Prywatno\u015bci, prosimy o niekorzystanie z \u017cadnych Us\u0142ug.<\/p>\n\n\n\n<p><strong>ZMIANY W POLITYCE PRYWATNO\u015aCI<\/strong><br>Mo\u017cemy od czasu do czasu aktualizowa\u0107 t\u0119 Polityk\u0119 Prywatno\u015bci, aby odzwierciedli\u0107 zmiany w naszych praktykach lub z innych powod\u00f3w operacyjnych, prawnych b\u0105d\u017a regulacyjnych. Zaktualizowan\u0105 Polityk\u0119 Prywatno\u015bci opublikujemy na Stronie, zaktualizujemy dat\u0119 \u201eOstatnia aktualizacja\u201d i podejmiemy inne kroki wymagane przez obowi\u0105zuj\u0105ce prawo.<\/p>\n\n\n\n<p><strong>JAK GROMADZIMY I WYKORZYSTUJEMY TWOJE DANE OSOBOWE<\/strong><br>Aby \u015bwiadczy\u0107 Us\u0142ugi, zbieramy i zbierali\u015bmy przez ostatnie 12 miesi\u0119cy Twoje dane osobowe z r\u00f3\u017cnych \u017ar\u00f3de\u0142, jak opisano poni\u017cej. Informacje, kt\u00f3re gromadzimy i wykorzystujemy, r\u00f3\u017cni\u0105 si\u0119 w zale\u017cno\u015bci od sposobu, w jaki z nami wsp\u00f3\u0142pracujesz.<\/p>\n\n\n\n<p>Opr\u00f3cz konkretnych cel\u00f3w wymienionych poni\u017cej, mo\u017cemy wykorzystywa\u0107 zebrane o Tobie informacje do komunikacji z Tob\u0105, \u015bwiadczenia Us\u0142ug, spe\u0142niania wszelkich obowi\u0105zuj\u0105cych obowi\u0105zk\u00f3w prawnych, egzekwowania obowi\u0105zuj\u0105cych warunk\u00f3w \u015bwiadczenia us\u0142ug oraz ochrony lub obrony Us\u0142ug, naszych praw oraz praw naszych u\u017cytkownik\u00f3w lub innych os\u00f3b.<\/p>\n\n\n\n<p><strong>JAKIE DANE OSOBOWE GROMADZIMY<\/strong><br>Rodzaje danych osobowych, kt\u00f3re zbieramy o Tobie, zale\u017c\u0105 od tego, jak korzystasz z naszej Strony i Us\u0142ug. Gdy u\u017cywamy terminu \u201edane osobowe\u201d, mamy na my\u015bli informacje, kt\u00f3re identyfikuj\u0105, dotycz\u0105, opisuj\u0105 lub mog\u0105 by\u0107 powi\u0105zane z Tob\u0105. Poni\u017csze sekcje opisuj\u0105 kategorie i konkretne rodzaje danych osobowych, kt\u00f3re zbieramy.<\/p>\n\n\n\n<p><strong>INFORMACJE, KT\u00d3RE ZBIERAMY BEZPO\u015aREDNIO OD CIEBIE<\/strong><br>Informacje, kt\u00f3re przesy\u0142asz nam bezpo\u015brednio za po\u015brednictwem naszych Us\u0142ug, mog\u0105 obejmowa\u0107:<\/p>\n\n\n\n<ul class=\"wp-block-list\">\n<li>Podstawowe dane kontaktowe, takie jak imi\u0119 i nazwisko, adres, numer telefonu, adres e-mail.<\/li>\n\n\n\n<li>Informacje dotycz\u0105ce zam\u00f3wienia, w tym imi\u0119 i nazwisko, adres rozliczeniowy, adres dostawy, potwierdzenie p\u0142atno\u015bci, adres e-mail, numer telefonu.<\/li>\n\n\n\n<li>Informacje o koncie, takie jak nazwa u\u017cytkownika, has\u0142o, pytania zabezpieczaj\u0105ce.<\/li>\n\n\n\n<li>Informacje dotycz\u0105ce zakup\u00f3w, takie jak ogl\u0105dane produkty, umieszczone w koszyku lub dodane do listy \u017cycze\u0144.<\/li>\n\n\n\n<li>Informacje dotycz\u0105ce wsparcia klienta, w tym informacje, kt\u00f3re zdecydujesz si\u0119 zawrze\u0107 w komunikacji z nami, na przyk\u0142ad podczas wysy\u0142ania wiadomo\u015bci za po\u015brednictwem Us\u0142ug.<\/li>\n<\/ul>\n\n\n\n<p>Niekt\u00f3re funkcje Us\u0142ug mog\u0105 wymaga\u0107 od Ciebie bezpo\u015bredniego podania okre\u015blonych informacji o sobie. Mo\u017cesz zdecydowa\u0107 si\u0119 nie udost\u0119pnia\u0107 tych informacji, ale mo\u017ce to uniemo\u017cliwi\u0107 korzystanie z niekt\u00f3rych funkcji lub dost\u0119p do nich.<\/p>\n\n\n\n<h3 class=\"wp-block-heading\">INFORMACJE, KT\u00d3RE GROMADZIMY ZA POMOC\u0104 PLIK\u00d3W COOKIE<\/h3>\n\n\n\n<p>Automatycznie zbieramy r\u00f3wnie\u017c pewne informacje o Twojej interakcji z Us\u0142ugami (\u201eDane u\u017cytkowania\u201d). W tym celu mo\u017cemy u\u017cywa\u0107 plik\u00f3w cookie, pikseli i podobnych technologii (\u201ePliki cookie\u201d). Dane u\u017cytkowania mog\u0105 obejmowa\u0107 informacje o tym, jak uzyskujesz dost\u0119p do naszej Strony i swojego konta, w tym informacje o urz\u0105dzeniu, przegl\u0105darce, po\u0142\u0105czeniu sieciowym, adresie IP i inne informacje dotycz\u0105ce interakcji z Us\u0142ugami.<\/p>\n\n\n\n<p><strong>INFORMACJE, KT\u00d3RE POZYSKUJEMY OD STRON TRZECICH<\/strong><br>Mo\u017cemy r\u00f3wnie\u017c pozyskiwa\u0107 informacje o Tobie od stron trzecich, w tym od dostawc\u00f3w i us\u0142ugodawc\u00f3w, kt\u00f3rzy mog\u0105 zbiera\u0107 informacje w naszym imieniu, takie jak:<\/p>\n\n\n\n<ul class=\"wp-block-list\">\n<li>Nasi przetwarzaj\u0105cy p\u0142atno\u015bci, kt\u00f3rzy zbieraj\u0105 informacje o p\u0142atno\u015bciach (np. numer konta bankowego, informacje o karcie kredytowej lub debetowej, adres rozliczeniowy) w celu przetwarzania Twojej p\u0142atno\u015bci, realizacji zam\u00f3wie\u0144 i \u015bwiadczenia zam\u00f3wionych przez Ciebie produkt\u00f3w lub us\u0142ug.<\/li>\n\n\n\n<li>Kiedy odwiedzasz nasz\u0105 Stron\u0119, otwierasz lub klikasz na wysy\u0142ane przez nas e-maile lub korzystasz z Us\u0142ug lub reklam, my lub strony trzecie, z kt\u00f3rymi wsp\u00f3\u0142pracujemy, mo\u017cemy automatycznie zbiera\u0107 okre\u015blone informacje za pomoc\u0105 technologii \u015bledzenia online, takich jak piksele, sygna\u0142y nawigacyjne, zestawy programistyczne, biblioteki stron trzecich i pliki cookie.<\/li>\n<\/ul>\n\n\n\n<p>Wszelkie informacje pozyskane od stron trzecich b\u0119d\u0105 traktowane zgodnie z niniejsz\u0105 Polityk\u0105 Prywatno\u015bci. Nie ponosimy odpowiedzialno\u015bci za dok\u0142adno\u015b\u0107 informacji przekazanych nam przez strony trzecie ani za zasady lub praktyki stosowane przez strony trzecie. Wi\u0119cej informacji znajdziesz w sekcji \u201eStrony i Linki Zewn\u0119trzne\u201d.<\/p>\n\n\n\n<p><strong>JAK WYKORZYSTUJEMY TWOJE DANE OSOBOWE<\/strong><br>Dostarczanie Produkt\u00f3w i Us\u0142ug. Wykorzystujemy Twoje dane osobowe w celu \u015bwiadczenia Us\u0142ug zgodnie z umow\u0105 z Tob\u0105, w tym do przetwarzania p\u0142atno\u015bci, realizacji zam\u00f3wie\u0144, wysy\u0142ania powiadomie\u0144 dotycz\u0105cych Twojego konta, zakup\u00f3w, zwrot\u00f3w, wymian lub innych transakcji, tworzenia, utrzymywania i zarz\u0105dzania Twoim kontem, organizowania wysy\u0142ki, u\u0142atwiania zwrot\u00f3w i wymian oraz umo\u017cliwienia Ci publikowania opinii. Marketing i Reklama. Wykorzystujemy Twoje dane osobowe do cel\u00f3w marketingowych i promocyjnych, takich jak wysy\u0142anie materia\u0142\u00f3w marketingowych, reklamowych i promocyjnych za po\u015brednictwem e-maila, wiadomo\u015bci SMS lub poczty tradycyjnej oraz wy\u015bwietlanie reklam produkt\u00f3w lub us\u0142ug. Mo\u017ce to obejmowa\u0107 wykorzystanie Twoich danych osobowych w celu lepszego dopasowania Us\u0142ug i reklam na naszej Stronie i innych stronach internetowych. Bezpiecze\u0144stwo i Zapobieganie Oszustwom. Wykorzystujemy Twoje dane osobowe w celu wykrywania, badania lub podejmowania dzia\u0142a\u0144 w zwi\u0105zku z mo\u017cliw\u0105 dzia\u0142alno\u015bci\u0105 oszuka\u0144cz\u0105, nielegaln\u0105 lub z\u0142o\u015bliw\u0105. Je\u015bli zdecydujesz si\u0119 korzysta\u0107 z Us\u0142ug i zarejestrujesz konto, jeste\u015b odpowiedzialny za bezpiecze\u0144stwo swoich danych dost\u0119powych. Zdecydowanie zalecamy, aby\u015b nie udost\u0119pnia\u0142 swojego loginu, has\u0142a ani innych danych dost\u0119powych nikomu innemu. Je\u015bli uwa\u017casz, \u017ce Twoje konto zosta\u0142o naruszone, skontaktuj si\u0119 z nami natychmiast. Komunikacja z Tob\u0105. Wykorzystujemy Twoje dane osobowe w celu zapewnienia wsparcia klienta i poprawy naszych Us\u0142ug. Dzia\u0142a to w naszym uzasadnionym interesie, aby by\u0107 responsywnym wobec Ciebie, zapewnia\u0107 Ci skuteczne us\u0142ugi i utrzymywa\u0107 nasz\u0105 relacj\u0119 biznesow\u0105.<\/p>\n\n\n\n<p><strong>PLIKI COOKIE<\/strong><br>Jak wiele innych stron internetowych, na naszej Stronie u\u017cywamy plik\u00f3w cookie. Szczeg\u00f3\u0142owe informacje na temat u\u017cywanych przez nas plik\u00f3w cookie znajdziesz na stronie <a href=\"https:\/\/www.shopify.com\/legal\/cookies\">https:\/\/www.shopify.com\/legal\/cookies<\/a>. U\u017cywamy plik\u00f3w cookie, aby zasila\u0107 i ulepsza\u0107 nasz\u0105 Stron\u0119 i Us\u0142ugi (w tym pami\u0119ta\u0107 Twoje dzia\u0142ania i preferencje), prowadzi\u0107 analizy i lepiej rozumie\u0107 interakcje u\u017cytkownik\u00f3w z Us\u0142ugami (w naszym uzasadnionym interesie w celu administrowania, poprawy i optymalizacji Us\u0142ug). Mo\u017cemy r\u00f3wnie\u017c zezwala\u0107 stronom trzecim i us\u0142ugodawcom na u\u017cywanie plik\u00f3w cookie na naszej Stronie, aby lepiej dostosowa\u0107 us\u0142ugi, produkty i reklamy na naszej Stronie i innych stronach internetowych.<\/p>\n\n\n\n<p>Wi\u0119kszo\u015b\u0107 przegl\u0105darek automatycznie akceptuje pliki cookie domy\u015blnie, ale mo\u017cesz ustawi\u0107 swoj\u0105 przegl\u0105dark\u0119, aby usuwa\u0142a lub odrzuca\u0142a pliki cookie za pomoc\u0105 jej ustawie\u0144. Nale\u017cy jednak pami\u0119ta\u0107, \u017ce usuni\u0119cie lub zablokowanie plik\u00f3w cookie mo\u017ce negatywnie wp\u0142yn\u0105\u0107 na Twoje do\u015bwiadczenie u\u017cytkownika i spowodowa\u0107, \u017ce niekt\u00f3re Us\u0142ugi, w tym niekt\u00f3re funkcje i og\u00f3lna funkcjonalno\u015b\u0107, b\u0119d\u0105 dzia\u0142a\u0107 nieprawid\u0142owo lub przestan\u0105 by\u0107 dost\u0119pne. Dodatkowo, zablokowanie plik\u00f3w cookie mo\u017ce nie ca\u0142kowicie zapobiec udost\u0119pnianiu informacji stronom trzecim, takim jak nasi partnerzy reklamowi.<\/p>\n\n\n\n<h2 class=\"wp-block-heading\">JAK UJAWNIAMY DANE OSOBOWE<\/h2>\n\n\n\n<p>W okre\u015blonych okoliczno\u015bciach mo\u017cemy ujawnia\u0107 Twoje dane osobowe stronom trzecim w uzasadnionych celach zgodnie z niniejsz\u0105 Polityk\u0105 Prywatno\u015bci. Takie okoliczno\u015bci mog\u0105 obejmowa\u0107:<\/p>\n\n\n\n<ul class=\"wp-block-list\">\n<li>Z dostawcami lub innymi stronami trzecimi, kt\u00f3rzy \u015bwiadcz\u0105 us\u0142ugi w naszym imieniu (np. zarz\u0105dzanie IT, przetwarzanie p\u0142atno\u015bci, analiza danych, wsparcie klienta, przechowywanie w chmurze, realizacja i wysy\u0142ka).<\/li>\n\n\n\n<li>Z partnerami biznesowymi i marketingowymi w celu \u015bwiadczenia us\u0142ug i reklamowania Ci si\u0119. Nasi partnerzy biznesowi i marketingowi b\u0119d\u0105 korzysta\u0107 z Twoich informacji zgodnie ze swoimi w\u0142asnymi politykami prywatno\u015bci.<\/li>\n\n\n\n<li>Gdy kierujesz nas, prosisz nas lub wyra\u017casz zgod\u0119 na ujawnienie okre\u015blonych informacji stronom trzecim, np. w celu wysy\u0142ki produkt\u00f3w lub za pomoc\u0105 wid\u017cet\u00f3w spo\u0142eczno\u015bciowych lub integracji logowania, za Twoj\u0105 zgod\u0105.<\/li>\n\n\n\n<li>Z naszymi podmiotami powi\u0105zanymi lub w inny spos\u00f3b w ramach naszej grupy kapita\u0142owej, w naszym uzasadnionym interesie prowadzenia udanego biznesu.<\/li>\n\n\n\n<li>W zwi\u0105zku z transakcj\u0105 biznesow\u0105, tak\u0105 jak fuzja lub upad\u0142o\u015b\u0107, w celu spe\u0142nienia obowi\u0105zuj\u0105cych zobowi\u0105za\u0144 prawnych (w tym odpowiedzi na wezwania s\u0105dowe, nakazy przeszukania i podobne \u017c\u0105dania), egzekwowania obowi\u0105zuj\u0105cych warunk\u00f3w \u015bwiadczenia us\u0142ug oraz ochrony lub obrony Us\u0142ug, naszych praw oraz praw naszych u\u017cytkownik\u00f3w lub innych os\u00f3b.<\/li>\n<\/ul>\n\n\n\n<p>W ci\u0105gu ostatnich 12 miesi\u0119cy ujawnili\u015bmy nast\u0119puj\u0105ce kategorie danych osobowych i wra\u017cliwych danych osobowych (oznaczone *), o u\u017cytkownikach w celach okre\u015blonych powy\u017cej w \u201eJak gromadzimy i wykorzystujemy Twoje dane osobowe\u201d oraz \u201eJak ujawniamy dane osobowe\u201d:<\/p>\n\n\n\n<figure class=\"wp-block-table\"><table class=\"has-fixed-layout\"><tbody><tr><th>Kategorie<\/th><th>Kategorie Odbiorc\u00f3w<\/th><\/tr><tr><td>&#8211; Identyfikatory takie jak podstawowe dane kontaktowe i niekt\u00f3re informacje dotycz\u0105ce zam\u00f3wie\u0144 oraz konta.<br>&#8211; Informacje handlowe, takie jak informacje o zam\u00f3wieniach, informacje dotycz\u0105ce zakup\u00f3w i wsparcia klienta.<br>&#8211; Dane internetowe lub inne podobne aktywno\u015bci w sieci, takie jak dane u\u017cytkowania.<\/td><td>&#8211; Dostawcy i strony trzecie, kt\u00f3re \u015bwiadcz\u0105 us\u0142ugi w naszym imieniu (np. dostawcy us\u0142ug internetowych, przetwarzaj\u0105cy p\u0142atno\u015bci, partnerzy realizacyjni, partnerzy wsparcia klienta oraz dostawcy analiz danych).<br>&#8211; Partnerzy biznesowi i marketingowi.<br>&#8211; Podmioty powi\u0105zane.<\/td><\/tr><\/tbody><\/table><\/figure>\n\n\n\n<p>Nie wykorzystujemy ani nie ujawniamy wra\u017cliwych danych osobowych w celu wyci\u0105gania wniosk\u00f3w o Twoich cechach.<\/p>\n\n\n\n<p><strong>TRE\u015aCI GENEROWANE PRZEZ U\u017bYTKOWNIK\u00d3W<\/strong><br>Us\u0142ugi mog\u0105 umo\u017cliwia\u0107 publikowanie opinii o produktach i innych tre\u015bci generowanych przez u\u017cytkownik\u00f3w. Je\u015bli zdecydujesz si\u0119 przes\u0142a\u0107 tre\u015bci generowane przez u\u017cytkownik\u00f3w na jakikolwiek publiczny obszar Us\u0142ug, te tre\u015bci b\u0119d\u0105 publiczne i dost\u0119pne dla ka\u017cdego.<\/p>\n\n\n\n<p>Nie kontrolujemy, kto b\u0119dzie mia\u0142 dost\u0119p do informacji, kt\u00f3re zdecydujesz si\u0119 udost\u0119pni\u0107 innym, i nie mo\u017cemy zapewni\u0107, \u017ce strony, kt\u00f3re maj\u0105 dost\u0119p do takich informacji, b\u0119d\u0105 szanowa\u0107 Twoj\u0105 prywatno\u015b\u0107 lub utrzymywa\u0107 je w bezpieczny spos\u00f3b. Nie odpowiadamy za prywatno\u015b\u0107 ani bezpiecze\u0144stwo \u017cadnych informacji, kt\u00f3re udost\u0119pniasz publicznie, ani za dok\u0142adno\u015b\u0107, u\u017cycie lub nadu\u017cycie jakichkolwiek informacji, kt\u00f3re ujawnisz lub otrzymasz od stron trzecich.<\/p>\n\n\n\n<h2 class=\"wp-block-heading\">STRONY I LINKI ZEWN\u0118TRZNE<\/h2>\n\n\n\n<p>Nasza Strona mo\u017ce zawiera\u0107 linki do stron internetowych lub innych platform online obs\u0142ugiwanych przez strony trzecie. Je\u015bli pod\u0105\u017cysz za linkami do stron niezwi\u0105zanych z nami ani niekontrolowanych przez nas, powiniene\u015b zapozna\u0107 si\u0119 z ich politykami prywatno\u015bci i bezpiecze\u0144stwa oraz innymi warunkami i zasadami. Nie gwarantujemy ani nie odpowiadamy za prywatno\u015b\u0107 lub bezpiecze\u0144stwo takich stron, w tym za dok\u0142adno\u015b\u0107, kompletno\u015b\u0107 lub wiarygodno\u015b\u0107 informacji zamieszczonych na tych stronach. Informacje, kt\u00f3re podasz w publicznych lub p\u00f3\u0142publicznych miejscach, w tym informacje, kt\u00f3re udost\u0119pniasz na platformach spo\u0142eczno\u015bciowych stron trzecich, mog\u0105 by\u0107 r\u00f3wnie\u017c widoczne dla innych u\u017cytkownik\u00f3w Us\u0142ug i\/lub u\u017cytkownik\u00f3w tych platform stron trzecich, bez ogranicze\u0144 co do ich wykorzystania przez nas lub strony trzecie. Samo umieszczenie takich link\u00f3w nie oznacza naszej akceptacji zawarto\u015bci tych platform ani ich w\u0142a\u015bcicieli lub operator\u00f3w, chyba \u017ce zosta\u0142o to ujawnione w Us\u0142ugach.<\/p>\n\n\n\n<p><strong>DANE DZIECI<\/strong><br>Us\u0142ugi nie s\u0105 przeznaczone do u\u017cytku przez dzieci, a my \u015bwiadomie nie zbieramy \u017cadnych danych osobowych dotycz\u0105cych dzieci. Je\u015bli jeste\u015b rodzicem lub opiekunem dziecka, kt\u00f3re przekaza\u0142o nam swoje dane osobowe, mo\u017cesz skontaktowa\u0107 si\u0119 z nami, korzystaj\u0105c z poni\u017cszych danych kontaktowych, aby za\u017c\u0105da\u0107 ich usuni\u0119cia.<\/p>\n\n\n\n<p>Na dzie\u0144 wej\u015bcia w \u017cycie niniejszej Polityki Prywatno\u015bci, nie posiadamy faktycznej wiedzy, \u017ce \u201eudost\u0119pniamy\u201d lub \u201esprzedajemy\u201d (zgodnie z definicjami zawartymi w obowi\u0105zuj\u0105cym prawie) dane osobowe os\u00f3b poni\u017cej 16 roku \u017cycia.<\/p>\n\n\n\n<h2 class=\"wp-block-heading\">BEZPIECZE\u0143STWO I PRZECHOWYWANIE TWOICH INFORMACJI<\/h2>\n\n\n\n<p>Prosimy pami\u0119ta\u0107, \u017ce \u017cadne \u015brodki bezpiecze\u0144stwa nie s\u0105 doskona\u0142e ani nieprzenikalne, a my nie mo\u017cemy zagwarantowa\u0107 \u201edoskona\u0142ego bezpiecze\u0144stwa\u201d. Ponadto, wszelkie informacje, kt\u00f3re przesy\u0142asz nam, mog\u0105 nie by\u0107 bezpieczne podczas ich przesy\u0142ania. Zalecamy, aby nie u\u017cywa\u0107 niezabezpieczonych kana\u0142\u00f3w komunikacyjnych do przesy\u0142ania nam wra\u017cliwych lub poufnych informacji.<\/p>\n\n\n\n<p>Czas przechowywania Twoich danych osobowych zale\u017cy od r\u00f3\u017cnych czynnik\u00f3w, takich jak to, czy potrzebujemy tych informacji do utrzymania Twojego konta, \u015bwiadczenia Us\u0142ug, spe\u0142niania obowi\u0105zk\u00f3w prawnych, rozwi\u0105zywania spor\u00f3w lub egzekwowania innych obowi\u0105zuj\u0105cych um\u00f3w i zasad.<\/p>\n\n\n\n<p><strong>TWOJE PRAWA I WYBORY<\/strong><br>W zale\u017cno\u015bci od miejsca zamieszkania, mo\u017cesz mie\u0107 niekt\u00f3re lub wszystkie prawa wymienione poni\u017cej w odniesieniu do Twoich danych osobowych. Jednak prawa te nie s\u0105 absolutne, mog\u0105 mie\u0107 zastosowanie tylko w okre\u015blonych okoliczno\u015bciach, a w niekt\u00f3rych przypadkach mo\u017cemy odrzuci\u0107 Twoje \u017c\u0105danie, zgodnie z przepisami prawa.<\/p>\n\n\n\n<ul class=\"wp-block-list\">\n<li>Prawo dost\u0119pu. Mo\u017cesz mie\u0107 prawo do \u017c\u0105dania dost\u0119pu do danych osobowych, kt\u00f3re posiadamy na Tw\u00f3j temat, w tym szczeg\u00f3\u0142\u00f3w dotycz\u0105cych sposob\u00f3w, w jakie wykorzystujemy i udost\u0119pniamy Twoje dane.<\/li>\n\n\n\n<li>Prawo do usuni\u0119cia. Mo\u017cesz mie\u0107 prawo do \u017c\u0105dania usuni\u0119cia danych osobowych, kt\u00f3re przechowujemy na Tw\u00f3j temat.<\/li>\n\n\n\n<li>Prawo do poprawienia. Mo\u017cesz mie\u0107 prawo do \u017c\u0105dania poprawienia nie\u015bcis\u0142ych danych osobowych, kt\u00f3re przechowujemy na Tw\u00f3j temat.<\/li>\n\n\n\n<li>Prawo do przenoszenia danych. Mo\u017cesz mie\u0107 prawo do otrzymania kopii danych osobowych, kt\u00f3re posiadamy na Tw\u00f3j temat, oraz do \u017c\u0105dania ich przeniesienia do strony trzeciej, w okre\u015blonych okoliczno\u015bciach i z okre\u015blonymi wyj\u0105tkami.<\/li>\n\n\n\n<li>Prawo do ograniczenia przetwarzania: Mo\u017cesz mie\u0107 prawo do \u017c\u0105dania zaprzestania lub ograniczenia przetwarzania przez nas danych osobowych.<\/li>\n\n\n\n<li>Wycofanie zgody: Je\u015bli opieramy si\u0119 na zgodzie na przetwarzanie Twoich danych osobowych, mo\u017cesz mie\u0107 prawo do wycofania tej zgody.<\/li>\n\n\n\n<li>Odwo\u0142anie: Mo\u017cesz mie\u0107 prawo do odwo\u0142ania si\u0119 od naszej decyzji, je\u015bli odm\u00f3wimy przetworzenia Twojego \u017c\u0105dania. Mo\u017cesz to zrobi\u0107, odpowiadaj\u0105c bezpo\u015brednio na nasz\u0105 odmow\u0119.<\/li>\n\n\n\n<li>Zarz\u0105dzanie preferencjami komunikacyjnymi: Mo\u017cemy wysy\u0142a\u0107 Ci e-maile promocyjne, a Ty mo\u017cesz zrezygnowa\u0107 z ich otrzymywania w dowolnym momencie, korzystaj\u0105c z opcji rezygnacji wy\u015bwietlanej w naszych e-mailach. Je\u015bli zrezygnujesz, nadal mo\u017cemy wysy\u0142a\u0107 Ci e-maile niepromocyjne, takie jak te dotycz\u0105ce Twojego konta lub zam\u00f3wie\u0144, kt\u00f3re z\u0142o\u017cy\u0142e\u015b.<\/li>\n<\/ul>\n\n\n\n<p>Mo\u017cesz skorzysta\u0107 z tych praw w wyznaczonych miejscach na naszej Stronie lub kontaktuj\u0105c si\u0119 z nami, korzystaj\u0105c z poni\u017cszych danych kontaktowych.<\/p>\n\n\n\n<p>Nie b\u0119dziemy Ci\u0119 dyskryminowa\u0107 za skorzystanie z kt\u00f3regokolwiek z tych praw. Mo\u017ce by\u0107 konieczne zebranie informacji od Ciebie w celu weryfikacji Twojej to\u017csamo\u015bci, takich jak Tw\u00f3j adres e-mail lub informacje o koncie, przed udzieleniem merytorycznej odpowiedzi na \u017c\u0105danie. Zgodnie z obowi\u0105zuj\u0105cymi przepisami, mo\u017cesz wyznaczy\u0107 upowa\u017cnionego agenta do sk\u0142adania \u017c\u0105da\u0144 w Twoim imieniu w celu skorzystania z Twoich praw. Przed zaakceptowaniem takiego \u017c\u0105dania od agenta, b\u0119dziemy wymaga\u0107, aby agent dostarczy\u0142 dow\u00f3d, \u017ce upowa\u017cni\u0142e\u015b go do dzia\u0142ania w Twoim imieniu, a my mo\u017cemy wymaga\u0107, aby\u015b zweryfikowa\u0142 swoj\u0105 to\u017csamo\u015b\u0107 bezpo\u015brednio u nas. Odpowiemy na Twoje \u017c\u0105danie w odpowiednim czasie zgodnie z obowi\u0105zuj\u0105cymi przepisami prawa.<\/p>\n\n\n\n<p><strong>SKARGI<\/strong><br>Je\u015bli masz skargi dotycz\u0105ce tego, w jaki spos\u00f3b przetwarzamy Twoje dane osobowe, prosimy o kontakt z nami, korzystaj\u0105c z poni\u017cszych danych kontaktowych. Je\u015bli nie jeste\u015b zadowolony z naszej odpowiedzi na Twoj\u0105 skarg\u0119, w zale\u017cno\u015bci od miejsca zamieszkania mo\u017cesz mie\u0107 prawo do odwo\u0142ania si\u0119 od naszej decyzji, kontaktuj\u0105c si\u0119 z nami, korzystaj\u0105c z poni\u017cszych danych kontaktowych, lub z\u0142o\u017cenia skargi do lokalnego organu ochrony danych.<\/p>\n\n\n\n<p><strong>U\u017bYTKOWNICY MI\u0118DZYNARODOWI<\/strong><br>Nale\u017cy pami\u0119ta\u0107, \u017ce mo\u017cemy przekazywa\u0107, przechowywa\u0107 i przetwarza\u0107 Twoje dane osobowe poza krajem, w kt\u00f3rym mieszkasz, w tym w Stanach Zjednoczonych. Twoje dane osobowe s\u0105 r\u00f3wnie\u017c przetwarzane przez personel i dostawc\u00f3w us\u0142ug oraz partner\u00f3w zewn\u0119trznych w tych krajach.<\/p>\n\n\n\n<p>Je\u015bli przekazujemy Twoje dane osobowe poza Europ\u0119, b\u0119dziemy polega\u0107 na uznanych mechanizmach transferu, takich jak Standardowe Klauzule Umowne Komisji Europejskiej lub wszelkie r\u00f3wnowa\u017cne umowy wydane przez odpowiedni organ w\u0142a\u015bciwy w Wielkiej Brytanii, o ile transfer danych nie jest do kraju, kt\u00f3ry zosta\u0142 uznany za zapewniaj\u0105cy odpowiedni poziom ochrony.<\/p>\n\n\n\n<p><strong>KONTAKT<\/strong><br>W przypadku pyta\u0144 dotycz\u0105cych naszych praktyk prywatno\u015bci lub niniejszej Polityki Prywatno\u015bci, lub je\u015bli chcesz skorzysta\u0107 z kt\u00f3regokolwiek z dost\u0119pnych dla Ciebie praw, prosimy o kontakt mailowy na <a href=\"mailto:salesabrasivetechnology@gmail.com\">salesabrasivetechnology@gmail.com<\/a><\/p>\n","protected":false},"excerpt":{"rendered":"<p>Ostatnia aktualizacja:&nbsp;26.06.2024 This Privacy Policy describes how Abrasive Technology (the &#8222;Site&#8222;, &#8222;we&#8222;, &#8222;us&#8222;, or &#8222;our&#8222;) collects, uses, aNiniejsza Polityka Prywatno\u015bci opisuje, w jaki spos\u00f3b Abrasive Technology (dalej \u201eStrona\u201d, \u201emy\u201d, \u201enas\u201d lub \u201enasz\u201d) gromadzi, wykorzystuje i ujawnia Twoje dane osobowe podczas odwiedzania naszej strony, korzystania z naszych us\u0142ug lub dokonywania zakupu na abrasive.com (dalej \u201eStrona\u201d) lub w inny spos\u00f3b komunikowania si\u0119\u2026<\/p>\n","protected":false},"author":1,"featured_media":0,"parent":0,"menu_order":0,"comment_status":"closed","ping_status":"open","template":"","meta":{"_acf_changed":false,"footnotes":""},"acf":[],"_links":{"self":[{"href":"https:\/\/europe.buysteelgrit.com\/pl\/wp-json\/wp\/v2\/pages\/10570"}],"collection":[{"href":"https:\/\/europe.buysteelgrit.com\/pl\/wp-json\/wp\/v2\/pages"}],"about":[{"href":"https:\/\/europe.buysteelgrit.com\/pl\/wp-json\/wp\/v2\/types\/page"}],"author":[{"embeddable":true,"href":"https:\/\/europe.buysteelgrit.com\/pl\/wp-json\/wp\/v2\/users\/1"}],"replies":[{"embeddable":true,"href":"https:\/\/europe.buysteelgrit.com\/pl\/wp-json\/wp\/v2\/comments?post=10570"}],"version-history":[{"count":0,"href":"https:\/\/europe.buysteelgrit.com\/pl\/wp-json\/wp\/v2\/pages\/10570\/revisions"}],"wp:attachment":[{"href":"https:\/\/europe.buysteelgrit.com\/pl\/wp-json\/wp\/v2\/media?parent=10570"}],"curies":[{"name":"wp","href":"https:\/\/api.w.org\/{rel}","templated":true}]}}