{"id":10563,"date":"2023-10-02T12:38:10","date_gmt":"2023-10-02T12:38:10","guid":{"rendered":"https:\/\/europe.buysteelgrit.com\/my-account-2\/"},"modified":"2024-08-03T16:23:25","modified_gmt":"2024-08-03T16:23:25","slug":"my-account-2","status":"publish","type":"page","link":"https:\/\/europe.buysteelgrit.com\/sk\/my-account-2\/","title":{"rendered":"M\u00f4j \u00fa\u010det"},"content":{"rendered":"<div class=\"woocommerce\"><\/div>\n","protected":false},"excerpt":{"rendered":"","protected":false},"author":1,"featured_media":0,"parent":0,"menu_order":0,"comment_status":"closed","ping_status":"closed","template":"","meta":{"_acf_changed":false,"footnotes":""},"acf":[],"_links":{"self":[{"href":"https:\/\/europe.buysteelgrit.com\/sk\/wp-json\/wp\/v2\/pages\/10563"}],"collection":[{"href":"https:\/\/europe.buysteelgrit.com\/sk\/wp-json\/wp\/v2\/pages"}],"about":[{"href":"https:\/\/europe.buysteelgrit.com\/sk\/wp-json\/wp\/v2\/types\/page"}],"author":[{"embeddable":true,"href":"https:\/\/europe.buysteelgrit.com\/sk\/wp-json\/wp\/v2\/users\/1"}],"replies":[{"embeddable":true,"href":"https:\/\/europe.buysteelgrit.com\/sk\/wp-json\/wp\/v2\/comments?post=10563"}],"version-history":[{"count":0,"href":"https:\/\/europe.buysteelgrit.com\/sk\/wp-json\/wp\/v2\/pages\/10563\/revisions"}],"wp:attachment":[{"href":"https:\/\/europe.buysteelgrit.com\/sk\/wp-json\/wp\/v2\/media?parent=10563"}],"curies":[{"name":"wp","href":"https:\/\/api.w.org\/{rel}","templated":true}]}}